{"id":971,"date":"2020-09-26T19:36:15","date_gmt":"2020-09-26T19:36:15","guid":{"rendered":"https:\/\/vidanuevaz.mx\/?page_id=971"},"modified":"2024-12-17T11:44:17","modified_gmt":"2024-12-16T22:59:17","slug":"mas-estudios","status":"publish","type":"page","link":"https:\/\/vidanuevaz.mx\/?page_id=971","title":{"rendered":"Estudios"},"content":{"rendered":"\n<p><\/p>\n\n\n\n<div class=\"wp-block-columns is-layout-flex wp-container-core-columns-is-layout-9d6595d7 wp-block-columns-is-layout-flex\">\n<div class=\"wp-block-column is-layout-flow wp-block-column-is-layout-flow\">\n<div class=\"wp-block-columns is-layout-flex wp-container-core-columns-is-layout-9d6595d7 wp-block-columns-is-layout-flex\">\n<div class=\"wp-block-column is-layout-flow wp-block-column-is-layout-flow\"><\/div>\n\n\n\n<div class=\"wp-block-column is-layout-flow wp-block-column-is-layout-flow\"><\/div>\n\n\n\n<div class=\"wp-block-column is-layout-flow wp-block-column-is-layout-flow\"><\/div>\n<\/div>\n\n\n\n<div class=\"wp-block-columns is-layout-flex wp-container-core-columns-is-layout-9d6595d7 wp-block-columns-is-layout-flex\">\n<div class=\"wp-block-column is-layout-flow wp-block-column-is-layout-flow\">\n<p><strong>Evangel\u00edsticos<\/strong><br><a href=\"https:\/\/vidanuevaz.mx\/?page_id=459\">Juan <\/a><a href=\"https:\/\/vidanuevaz.mx\/?page_id=469\">#1<\/a><a href=\"https:\/\/vidanuevaz.mx\/?page_id=459\">\u00a0\u00a0 <\/a><a href=\"https:\/\/vidanuevaz.mx\/?page_id=463\">#2<\/a><a href=\"https:\/\/vidanuevaz.mx\/?page_id=459\"> \u00a0\u00a0<\/a><a href=\"https:\/\/vidanuevaz.mx\/?page_id=465\">#3 <\/a><a href=\"https:\/\/vidanuevaz.mx\/?page_id=459\">  <\/a><a href=\"https:\/\/vidanuevaz.mx\/?page_id=467\"> #4<\/a><br><a href=\"https:\/\/vidanuevaz.mx\/?page_id=318\" target=\"_blank\" rel=\"noreferrer noopener\">Estudios de Vida Eterna<\/a><br><a href=\"https:\/\/vidanuevaz.mx\/?page_id=3261\">Conociendo a Crist<\/a>o<br><a href=\"https:\/\/vidanuevaz.mx\/wp-content\/uploads\/Manual-Alumno-NVI-08-23-1.docx\">Cristo Evangelizando<\/a><br><a href=\"https:\/\/vidanuevaz.mx\/?page_id=942\">Seis conversiones en Hechos<\/a><br><a class=\"rank-math-link\" href=\"https:\/\/vidanuevaz.mx\/?page_id=2326\">El Cordero<\/a><br><a class=\"rank-math-link\" href=\"https:\/\/vidanuevaz.mx\/?page_id=2148\">El Mensaje de Dios<\/a><br><a class=\"rank-math-link\" href=\"https:\/\/vidanuevaz.mx\/?page_id=2160\">Preguntas de los Incr\u00e9dulos<\/a><br><br><strong>Temas B\u00edblicos<\/strong> <br><a href=\"https:\/\/vidanuevaz.mx\/?page_id=4047\">Hebreos Cap. 11 Fe<\/a><br><a class=\"rank-math-link\" href=\"https:\/\/vidanuevaz.mx\/?page_id=1407\">Como Entender la Biblia<\/a><br><a class=\"rank-math-link\" href=\"https:\/\/vidanuevaz.mx\/?page_id=1440\">Corrientes peligrosas<\/a><br><a class=\"rank-math-link\" href=\"https:\/\/vidanuevaz.mx\/?page_id=1478\">Dones Espirituales<\/a><br><a class=\"rank-math-link\" href=\"https:\/\/vidanuevaz.mx\/?page_id=1515\">El Plan de las Edades<\/a><br><a class=\"rank-math-link\" href=\"https:\/\/vidanuevaz.mx\/?page_id=1623\">C\u00f3mo Evangelizar<\/a><br><a class=\"rank-math-link\" href=\"https:\/\/vidanuevaz.mx\/?page_id=1672\">Ocultismo<\/a><br><a class=\"rank-math-link\" href=\"https:\/\/vidanuevaz.mx\/?page_id=1680\">Sinopsis de la Biblia<\/a><br><a href=\"https:\/\/vidanuevaz.mx\/?page_id=1755\">Vida Futura<\/a><br><a class=\"rank-math-link\" href=\"https:\/\/vidanuevaz.mx\/?page_id=1883\">Venciendo la Inmoralidad<\/a><br><a class=\"rank-math-link\" href=\"https:\/\/vidanuevaz.mx\/?page_id=2539\">Enojo y Amargura<\/a><a class=\"rank-math-link\" href=\"https:\/\/vidanuevaz.mx\/?page_id=1883\"><br><\/a><strong>Libros de la Biblia<\/strong><br><a class=\"rank-math-link\" href=\"https:\/\/vidanuevaz.mx\/?page_id=1949\">G\u00e9nesis Cap\u00edtulos 1-11<\/a><br><a class=\"rank-math-link\" href=\"https:\/\/vidanuevaz.mx\/?page_id=1956\">G\u00e9nesis Caps. 12-36<\/a><br><a class=\"rank-math-link\" href=\"https:\/\/vidanuevaz.mx\/?page_id=1984\">G\u00e9nesis Caps. 37-50<\/a><br><a class=\"rank-math-link\" href=\"https:\/\/vidanuevaz.mx\/?page_id=2032\">Filipenses<\/a><br><a class=\"rank-math-link\" href=\"https:\/\/vidanuevaz.mx\/?page_id=2061\">1 Corintios<\/a><br><a class=\"rank-math-link\" href=\"https:\/\/vidanuevaz.mx\/?page_id=2154\">Romanos<\/a><br><a href=\"https:\/\/vidanuevaz.mx\/?page_id=2623\">Efesios<\/a><br><a href=\"https:\/\/vidanuevaz.mx\/?page_id=4294\">Proverbios<\/a><br><br><br><strong>Estudios B\u00edblicos para C\u00e9lulas<\/strong><br><br><\/p>\n<\/div>\n\n\n\n<div class=\"wp-block-column is-layout-flow wp-block-column-is-layout-flow\">\n<p><strong>Catolicismo<\/strong><br><a class=\"rank-math-link\" href=\"https:\/\/vidanuevaz.mx\/?page_id=348\">Creencias Populares<\/a><br><a class=\"rank-math-link\" href=\"https:\/\/vidanuevaz.mx\/?page_id=938\">Sacramentos<\/a> <br><strong>Ense\u00f1anzas B\u00e1sicas<\/strong><br><a class=\"rank-math-link\" href=\"https:\/\/vidanuevaz.mx\/?page_id=613\">Primeros Pasos<\/a><br><a class=\"rank-math-link\" href=\"https:\/\/vidanuevaz.mx\/?page_id=628\">Entendiendo la Vida Cristiana<\/a><br><strong>Estudios Doctrinales<\/strong><br><a class=\"rank-math-link\" href=\"https:\/\/vidanuevaz.mx\/?page_id=1706\">S\u00edntesis de Doctrina<\/a><br><a class=\"rank-math-link\" href=\"https:\/\/vidanuevaz.mx\/?page_id=1554\">Esp\u00edritu Santo<\/a><br><a class=\"rank-math-link\" href=\"https:\/\/vidanuevaz.mx\/?page_id=1727\">Declaraci\u00f3n de Fe<\/a><br><a class=\"rank-math-link\" href=\"https:\/\/vidanuevaz.mx\/?page_id=2905\">Otras Religiones<\/a><br><a class=\"rank-math-link\" href=\"https:\/\/vidanuevaz.mx\/?page_id=2165\">Cristo Incomparable<\/a><br><strong>Estudios para Familias<\/strong><br><a class=\"rank-math-link\" href=\"https:\/\/vidanuevaz.mx\/?page_id=1815\">Mejorando su Matrimonio<\/a><br><a class=\"rank-math-link\" href=\"https:\/\/vidanuevaz.mx\/?page_id=1849\">Instruyendo a Hijo<\/a>s<br><a class=\"rank-math-link\" href=\"https:\/\/vidanuevaz.mx\/?page_id=2176\">Bases B\u00edblicas para el Matrimonio<\/a><br><a class=\"rank-math-link\" href=\"https:\/\/vidanuevaz.mx\/?page_id=2850\">Venciendo la Inmoralidad<\/a><br><strong>Ni\u00f1os<\/strong><br><a class=\"rank-math-link\" href=\"https:\/\/vidanuevaz.mx\/?page_id=2300\">El Cordero<\/a><br><a class=\"rank-math-link\" href=\"https:\/\/vidanuevaz.mx\/?page_id=2349\">Doctrina<\/a><br><a class=\"rank-math-link\" href=\"https:\/\/vidanuevaz.mx\/?page_id=2371\">Textos Evangel\u00edsticos<\/a><br><a class=\"rank-math-link\" href=\"https:\/\/vidanuevaz.mx\/?page_id=2405\">Las 12 Reglas de esta Casa<\/a><br><a class=\"rank-math-link\" href=\"https:\/\/vidanuevaz.mx\/?page_id=2398\">Estudio del Bautismo<\/a><br><a class=\"rank-math-link\" href=\"https:\/\/vidanuevaz.mx\/?page_id=2394\">Cortes\u00eda para Ni\u00f1os<\/a><br><a class=\"rank-math-link\" href=\"https:\/\/vidanuevaz.mx\/?page_id=2389\">Seis Lecciones para Ni\u00f1os<\/a><br><strong>Liderazgo en la Iglesia<\/strong><br><a class=\"rank-math-link\" href=\"https:\/\/vidanuevaz.mx\/?page_id=2703\">7 Pr\u00e1cticas Efectivas del Liderazgo<\/a><br><a class=\"rank-math-link\" href=\"https:\/\/vidanuevaz.mx\/?page_id=2658\">Esferas de Liderazgo<\/a><br><a class=\"rank-math-link\" href=\"https:\/\/vidanuevaz.mx\/?page_id=2655\">El Liderazgo de Servicio<\/a><br><a class=\"rank-math-link\" href=\"https:\/\/vidanuevaz.mx\/?page_id=2652\">Plantando Iglesias<\/a><br><a class=\"rank-math-link\" href=\"https:\/\/vidanuevaz.mx\/?page_id=2649\">Manual Fundaci\u00f3n de Iglesias<\/a><br><a class=\"rank-math-link\" href=\"https:\/\/vidanuevaz.mx\/?page_id=2645\">8 Caracter\u00edsticas de la Iglesia Saludable<\/a><br><a class=\"rank-math-link\" href=\"https:\/\/vidanuevaz.mx\/?page_id=2670\">Varones Revista &#8211; Vamos<\/a><br><a class=\"rank-math-link\" href=\"https:\/\/vidanuevaz.mx\/?page_id=2664\">Principios B\u00edblicos del Liderazgo<\/a><br><a class=\"rank-math-link\" href=\"https:\/\/vidanuevaz.mx\/?page_id=2667\">Trabajo en Equipo<\/a><a class=\"rank-math-link\" href=\"https:\/\/vidanuevaz.mx\/?page_id=2645\"><br><\/a><a class=\"rank-math-link\" href=\"https:\/\/vidanuevaz.mx\/?page_id=2661\">Lanzando Nuevos L\u00edderes<\/a><\/p>\n\n\n\n<p><br><\/p>\n<\/div>\n\n\n\n<div class=\"wp-block-column is-layout-flow wp-block-column-is-layout-flow\">\n<p><strong>Estudios Avanzados<\/strong><br><a href=\"https:\/\/vidanuevaz.mx\/?page_id=1278\">Qui\u00e9n Soy en Cristo<\/a><br><a class=\"rank-math-link\" href=\"https:\/\/vidanuevaz.mx\/?page_id=1155\">Armon\u00eda en la Iglesia<\/a><br><a href=\"https:\/\/vidanuevaz.mx\/?page_id=1071\">Siervos Fieles<\/a><br><a href=\"https:\/\/vidanuevaz.mx\/?page_id=668\">Victoria en Cristo<\/a><br><a href=\"https:\/\/vidanuevaz.mx\/?page_id=643\">Auto Confrontaci\u00f3n<\/a><br><a href=\"https:\/\/vidanuevaz.mx\/?page_id=1143\">Una Vida con Prop\u00f3sito<\/a><br><a href=\"https:\/\/vidanuevaz.mx\/?page_id=3282\">Avivamiento<\/a><br><a href=\"https:\/\/vidanuevaz.mx\/?page_id=3339\">Oraci\u00f3n<\/a><br><a href=\"https:\/\/vidanuevaz.mx\/?page_id=1250\">Venciendo el Enojo<\/a><br><a href=\"https:\/\/vidanuevaz.mx\/?page_id=1310\">Guerra Esp\u00edritual<\/a><br><a href=\"https:\/\/vidanuevaz.mx\/?page_id=1336\">Misiones<\/a><br><a href=\"https:\/\/vidanuevaz.mx\/?page_id=1359\">Creaci\u00f3n y Evoluci\u00f3n<\/a><br><a href=\"https:\/\/vidanuevaz.mx\/?page_id=4414\">Dispensaciones y Pactos<\/a><br><strong>Grandes Personajes en Las Escrituras<\/strong><br><a class=\"rank-math-link\" href=\"https:\/\/vidanuevaz.mx\/?page_id=2088\">David<\/a><br><a class=\"rank-math-link\" href=\"https:\/\/vidanuevaz.mx\/?page_id=2120\">Josu\u00e9<\/a><br><strong>J\u00f3venes<\/strong><br><a class=\"rank-math-link\" href=\"https:\/\/vidanuevaz.mx\/?page_id=2185\">Amistades<\/a><br><a class=\"rank-math-link\" href=\"https:\/\/vidanuevaz.mx\/?page_id=2195\">Confianza para Compartir<\/a><br><a class=\"rank-math-link\" href=\"https:\/\/vidanuevaz.mx\/?page_id=2221\">Padre, Hijo y Esp\u00edritu Santo<\/a><br><a class=\"rank-math-link\" href=\"https:\/\/vidanuevaz.mx\/?page_id=2238\">Panorama de la Biblia<\/a><br><a class=\"rank-math-link\" href=\"https:\/\/vidanuevaz.mx\/?page_id=2254\">Resolviendo Conflictos<\/a><br><a class=\"rank-math-link\" href=\"https:\/\/vidanuevaz.mx\/?page_id=2269\">1 Juan<\/a><br><a class=\"rank-math-link\" href=\"https:\/\/vidanuevaz.mx\/?page_id=2272\">Cualidades en Crecimiento<\/a><br><a class=\"rank-math-link\" href=\"https:\/\/vidanuevaz.mx\/?page_id=2284\">Relaciones en la Familia<\/a><br><a class=\"rank-math-link\" href=\"https:\/\/vidanuevaz.mx\/?page_id=2281\">Identidad &#8211; Qu\u00eden eres en Cristo<\/a><br><a class=\"rank-math-link\" href=\"https:\/\/vidanuevaz.mx\/?page_id=2278\">Estudios de Tiempo y Dinero<\/a><br><a class=\"rank-math-link\" href=\"https:\/\/vidanuevaz.mx\/?page_id=2275\">Curso Prematrimonial<\/a><br><a class=\"rank-math-link\" href=\"https:\/\/vidanuevaz.mx\/?page_id=2294\">Masturbaci\u00f3n<\/a><br><strong>C\u00e9lulas y Grupos Chicos<\/strong><br><a class=\"rank-math-link\" href=\"https:\/\/vidanuevaz.mx\/?page_id=2593\">Capacitaci\u00f3n para Celulas<\/a><br><a class=\"rank-math-link\" href=\"https:\/\/vidanuevaz.mx\/?page_id=2593\">Mitos y Verdades de las Celulas<\/a><br><a class=\"rank-math-link\" href=\"https:\/\/vidanuevaz.mx\/?page_id=2676\">D\u00ednamicas de Discusi\u00f3n en C\u00e9lulas<\/a><br><a class=\"rank-math-link\" href=\"https:\/\/vidanuevaz.mx\/?page_id=2679\">Preguntas y Problemas en C\u00e9lulas<\/a><br><a class=\"rank-math-link\" href=\"https:\/\/vidanuevaz.mx\/?page_id=2673\">Beneficios de Grupos Celulares<\/a><br><a class=\"rank-math-link\" href=\"https:\/\/vidanuevaz.mx\/?page_id=2603\">Manual C\u00e9lular (Luis Palau)<\/a><br><a class=\"rank-math-link\" href=\"https:\/\/vidanuevaz.mx\/?page_id=2600\">Grupo C\u00e9lular y Evangelizaci\u00f3n<\/a><br><a class=\"rank-math-link\" href=\"https:\/\/vidanuevaz.mx\/?page_id=2679\"><br><\/a><br><a href=\"https:\/\/vidanuevaz.mx\/?page_id=636\"><br><\/a><\/p>\n<\/div>\n<\/div>\n\n\n\n<hr>\n<\/div>\n<\/div>\n\n\n\n<div class=\"wp-block-columns alignfull is-layout-flex wp-container-core-columns-is-layout-9d6595d7 wp-block-columns-is-layout-flex\"><\/div>\n\n\n\n<p><\/p>\n","protected":false},"excerpt":{"rendered":"<p>Evangel\u00edsticosJuan #1\u00a0\u00a0 #2 \u00a0\u00a0#3 #4Estudios de Vida EternaConociendo a CristoCristo EvangelizandoSeis conversiones en HechosEl CorderoEl Mensaje de DiosPreguntas de los Incr\u00e9dulos Temas B\u00edblicos Hebreos Cap. 11 FeComo Entender la BibliaCorrientes peligrosasDones EspiritualesEl Plan de las EdadesC\u00f3mo EvangelizarOcultismoSinopsis de la BibliaVida FuturaVenciendo la InmoralidadEnojo y AmarguraLibros de la BibliaG\u00e9nesis Cap\u00edtulos 1-11G\u00e9nesis Caps. 12-36G\u00e9nesis Caps. 37-50Filipenses1 CorintiosRomanosEfesiosProverbios [&hellip;]<\/p>\n","protected":false},"author":1,"featured_media":0,"parent":0,"menu_order":0,"comment_status":"closed","ping_status":"closed","template":"","meta":{"footnotes":""},"class_list":["post-971","page","type-page","status-publish","hentry"],"_links":{"self":[{"href":"https:\/\/vidanuevaz.mx\/index.php?rest_route=\/wp\/v2\/pages\/971","targetHints":{"allow":["GET"]}}],"collection":[{"href":"https:\/\/vidanuevaz.mx\/index.php?rest_route=\/wp\/v2\/pages"}],"about":[{"href":"https:\/\/vidanuevaz.mx\/index.php?rest_route=\/wp\/v2\/types\/page"}],"author":[{"embeddable":true,"href":"https:\/\/vidanuevaz.mx\/index.php?rest_route=\/wp\/v2\/users\/1"}],"replies":[{"embeddable":true,"href":"https:\/\/vidanuevaz.mx\/index.php?rest_route=%2Fwp%2Fv2%2Fcomments&post=971"}],"version-history":[{"count":217,"href":"https:\/\/vidanuevaz.mx\/index.php?rest_route=\/wp\/v2\/pages\/971\/revisions"}],"predecessor-version":[{"id":4810,"href":"https:\/\/vidanuevaz.mx\/index.php?rest_route=\/wp\/v2\/pages\/971\/revisions\/4810"}],"wp:attachment":[{"href":"https:\/\/vidanuevaz.mx\/index.php?rest_route=%2Fwp%2Fv2%2Fmedia&parent=971"}],"curies":[{"name":"wp","href":"https:\/\/api.w.org\/{rel}","templated":true}]}}