{"id":643,"date":"2020-09-01T21:19:08","date_gmt":"2020-09-01T21:19:08","guid":{"rendered":"https:\/\/vidanuevaz.mx\/?page_id=643"},"modified":"2020-09-29T18:47:59","modified_gmt":"2020-09-29T18:47:59","slug":"auto-confrontacion","status":"publish","type":"page","link":"https:\/\/vidanuevaz.mx\/?page_id=643","title":{"rendered":"Auto Confrontaci\u00f3n"},"content":{"rendered":"\n<p>Un etudios de 22 lecciones para ir siendo transformado a la imagen de Cristo. Tambi\u00e9n da recursos para consejer\u00eda. No es un estudio f\u00e1cil pero muy provechoso. Se usa un manual que se puede conseguir en http:\/\/www.bcfministries.org\/.<\/p>\n\n\n\n<figure class=\"wp-block-table\"><table><tbody><tr><td><a href=\"https:\/\/vidanuevaz.mx\/?page_id=645\">Maestro<\/a><\/td><td><a href=\"https:\/\/vidanuevaz.mx\/?page_id=648\">Forumulas<\/a><\/td><\/tr><\/tbody><\/table><\/figure>\n\n\n\n<p><\/p>\n","protected":false},"excerpt":{"rendered":"<p>Un etudios de 22 lecciones para ir siendo transformado a la imagen de Cristo. Tambi\u00e9n da recursos para consejer\u00eda. No es un estudio f\u00e1cil pero muy provechoso. Se usa un manual que se puede conseguir en http:\/\/www.bcfministries.org\/. Maestro Forumulas<\/p>\n","protected":false},"author":1,"featured_media":0,"parent":0,"menu_order":0,"comment_status":"closed","ping_status":"closed","template":"","meta":{"footnotes":""},"class_list":["post-643","page","type-page","status-publish","hentry"],"_links":{"self":[{"href":"https:\/\/vidanuevaz.mx\/index.php?rest_route=\/wp\/v2\/pages\/643","targetHints":{"allow":["GET"]}}],"collection":[{"href":"https:\/\/vidanuevaz.mx\/index.php?rest_route=\/wp\/v2\/pages"}],"about":[{"href":"https:\/\/vidanuevaz.mx\/index.php?rest_route=\/wp\/v2\/types\/page"}],"author":[{"embeddable":true,"href":"https:\/\/vidanuevaz.mx\/index.php?rest_route=\/wp\/v2\/users\/1"}],"replies":[{"embeddable":true,"href":"https:\/\/vidanuevaz.mx\/index.php?rest_route=%2Fwp%2Fv2%2Fcomments&post=643"}],"version-history":[{"count":4,"href":"https:\/\/vidanuevaz.mx\/index.php?rest_route=\/wp\/v2\/pages\/643\/revisions"}],"predecessor-version":[{"id":1116,"href":"https:\/\/vidanuevaz.mx\/index.php?rest_route=\/wp\/v2\/pages\/643\/revisions\/1116"}],"wp:attachment":[{"href":"https:\/\/vidanuevaz.mx\/index.php?rest_route=%2Fwp%2Fv2%2Fmedia&parent=643"}],"curies":[{"name":"wp","href":"https:\/\/api.w.org\/{rel}","templated":true}]}}