{"id":2477,"date":"2020-11-29T06:18:19","date_gmt":"2020-11-28T17:33:19","guid":{"rendered":"https:\/\/vidanuevaz.mx\/?page_id=2477"},"modified":"2025-06-01T08:24:39","modified_gmt":"2025-05-31T19:39:39","slug":"lista-de-videos-2","status":"publish","type":"page","link":"https:\/\/vidanuevaz.mx\/?page_id=2477","title":{"rendered":"Videos"},"content":{"rendered":"\n<div class=\"wp-block-columns is-layout-flex wp-container-core-columns-is-layout-9d6595d7 wp-block-columns-is-layout-flex\">\n<div class=\"wp-block-column is-layout-flow wp-block-column-is-layout-flow\">\n<figure class=\"wp-block-table alignfull is-style-regular\"><table><tbody><tr><td><strong>Cinco Minutos de Aliento Esp\u00edritual<\/strong><br><a href=\"https:\/\/vidanuevaz.mx\/?page_id=3647\">Meditaciones de Navidad<\/a><br><a href=\"https:\/\/vidanuevaz.mx\/?page_id=3639\">Vengan a m\u00ed dice Jesucristo<\/a><br><a href=\"https:\/\/vidanuevaz.mx\/?page_id=3634\">Las emociones de Jes\u00fas y su reino<\/a><br><a href=\"https:\/\/vidanuevaz.mx\/?page_id=3625\">El Infierno y el Cristiano Lite<\/a><br><a href=\"https:\/\/vidanuevaz.mx\/?page_id=3617\" data-type=\"URL\" data-id=\"https:\/\/vidanuevaz.mx\/?page_id=3617\">Chismes y amarguras<\/a><br><a href=\"https:\/\/vidanuevaz.mx\/wp-admin\/post.php?post=3241&amp;action=edit\">Barcos<\/a><br><a href=\"https:\/\/vidanuevaz.mx\/wp-admin\/post.php?post=3233&amp;action=edit\">Temor de Dios<\/a><br><a class=\"rank-math-link\" href=\"https:\/\/vidanuevaz.mx\/?page_id=3142\">Cambiando Malos H\u00e1bitos por Buenos<\/a><br><a class=\"rank-math-link\" href=\"https:\/\/vidanuevaz.mx\/wp-admin\/post.php?post=3142&amp;action=edit\">Cambiando Malos Deseos<\/a><br><a class=\"rank-math-link\" href=\"https:\/\/vidanuevaz.mx\/?page_id=2994\">\u00bfDormidos o despiertos?<\/a><br><a class=\"rank-math-link\" href=\"https:\/\/vidanuevaz.mx\/?page_id=2979\">Como manejar sus dudas<\/a><br><a class=\"rank-math-link\" href=\"https:\/\/vidanuevaz.mx\/?page_id=2941\">Prep\u00e1rate para la Boda con Cristo<\/a><br><a class=\"rank-math-link\" href=\"https:\/\/vidanuevaz.mx\/?page_id=2730\">El Gran Regalo de Dios<\/a><br><a class=\"rank-math-link\" href=\"https:\/\/vidanuevaz.mx\/?page_id=2468\">Ansiedad y Preocupaciones<br>C<\/a><a href=\"https:\/\/vidanuevaz.mx\/?page_id=2470\">omo ser disc\u00edpulo de Cristo<\/a><br><a href=\"https:\/\/vidanuevaz.mx\/?page_id=2472\">Tiempo a solas con Dios<\/a><br><a href=\"https:\/\/vidanuevaz.mx\/?page_id=2483\">Hijos de Dios por adopci\u00f3n<\/a><br><a href=\"https:\/\/vidanuevaz.mx\/?page_id=2485\">La consciencia y Cristo en nosotros<\/a><br><a href=\"https:\/\/vidanuevaz.mx\/?page_id=2487\">Nosotros en Cristo y somos su esclavos<\/a><br><a href=\"https:\/\/vidanuevaz.mx\/?page_id=2489\">Como manejar las finanzas<\/a><br><a href=\"https:\/\/vidanuevaz.mx\/wp-admin\/post.php?post=3933&amp;action=edit\">90-94 Grados de fe<\/a><br><a href=\"https:\/\/vidanuevaz.mx\/?page_id=3970\">95-98 Amor a Dios y el coraz\u00f3n<\/a><br><a href=\"https:\/\/vidanuevaz.mx\/?page_id=3987\">99-103 Amargura\/confesi\u00f3n<\/a><br><a href=\"https:\/\/vidanuevaz.mx\/?page_id=3997\">104-107 Lo que Dios exige de su pueblo<\/a><br><a href=\"https:\/\/vidanuevaz.mx\/?page_id=4008\">108-111 Salmo 32:18-29<\/a><br><a href=\"https:\/\/vidanuevaz.mx\/?page_id=4017\">112-116 La Igelsia y \u00bfQui\u00e9n soy en Cristo?<\/a><br><a href=\"https:\/\/vidanuevaz.mx\/?page_id=4027\">117-120 La preeminencia de Cristo<\/a><br><a href=\"https:\/\/vidanuevaz.mx\/?page_id=4036\">121-125 \u00abHageo\u00bb renovando su compromiso<\/a><a href=\"https:\/\/vidanuevaz.mx\/?page_id=4027\"><br><\/a><br><br><br><br><br><br><br><br><br><br><br><br><br><br><br><br><br><br><br><br><br><br><br><br><br><br><br><br><br><br><br><br><br><\/td><\/tr><\/tbody><\/table><figcaption class=\"wp-element-caption\">2-8<\/figcaption><\/figure>\n\n\n\n<p><\/p>\n<\/div>\n<\/div>\n\n\n\n<div class=\"wp-block-columns is-layout-flex wp-container-core-columns-is-layout-9d6595d7 wp-block-columns-is-layout-flex\">\n<div class=\"wp-block-column is-layout-flow wp-block-column-is-layout-flow\"><\/div>\n<\/div>\n\n\n\n<div class=\"wp-block-columns is-layout-flex wp-container-core-columns-is-layout-9d6595d7 wp-block-columns-is-layout-flex\">\n<div class=\"wp-block-column is-layout-flow wp-block-column-is-layout-flow\"><\/div>\n\n\n\n<div class=\"wp-block-column is-layout-flow wp-block-column-is-layout-flow\"><\/div>\n\n\n\n<div class=\"wp-block-column is-layout-flow wp-block-column-is-layout-flow\"><\/div>\n<\/div>\n","protected":false},"excerpt":{"rendered":"<p>Cinco Minutos de Aliento Esp\u00edritualMeditaciones de NavidadVengan a m\u00ed dice JesucristoLas emociones de Jes\u00fas y su reinoEl Infierno y el Cristiano LiteChismes y amargurasBarcosTemor de DiosCambiando Malos H\u00e1bitos por BuenosCambiando Malos Deseos\u00bfDormidos o despiertos?Como manejar sus dudasPrep\u00e1rate para la Boda con CristoEl Gran Regalo de DiosAnsiedad y PreocupacionesComo ser disc\u00edpulo de CristoTiempo a solas con [&hellip;]<\/p>\n","protected":false},"author":1,"featured_media":0,"parent":0,"menu_order":0,"comment_status":"closed","ping_status":"closed","template":"","meta":{"footnotes":""},"class_list":["post-2477","page","type-page","status-publish","hentry"],"_links":{"self":[{"href":"https:\/\/vidanuevaz.mx\/index.php?rest_route=\/wp\/v2\/pages\/2477","targetHints":{"allow":["GET"]}}],"collection":[{"href":"https:\/\/vidanuevaz.mx\/index.php?rest_route=\/wp\/v2\/pages"}],"about":[{"href":"https:\/\/vidanuevaz.mx\/index.php?rest_route=\/wp\/v2\/types\/page"}],"author":[{"embeddable":true,"href":"https:\/\/vidanuevaz.mx\/index.php?rest_route=\/wp\/v2\/users\/1"}],"replies":[{"embeddable":true,"href":"https:\/\/vidanuevaz.mx\/index.php?rest_route=%2Fwp%2Fv2%2Fcomments&post=2477"}],"version-history":[{"count":89,"href":"https:\/\/vidanuevaz.mx\/index.php?rest_route=\/wp\/v2\/pages\/2477\/revisions"}],"predecessor-version":[{"id":4815,"href":"https:\/\/vidanuevaz.mx\/index.php?rest_route=\/wp\/v2\/pages\/2477\/revisions\/4815"}],"wp:attachment":[{"href":"https:\/\/vidanuevaz.mx\/index.php?rest_route=%2Fwp%2Fv2%2Fmedia&parent=2477"}],"curies":[{"name":"wp","href":"https:\/\/api.w.org\/{rel}","templated":true}]}}