{"id":1727,"date":"2020-11-07T13:01:57","date_gmt":"2020-11-07T00:16:57","guid":{"rendered":"https:\/\/vidanuevaz.mx\/?page_id=1727"},"modified":"2021-05-27T12:46:20","modified_gmt":"2021-05-27T00:01:20","slug":"declaracion-de-fe-y-doctrina","status":"publish","type":"page","link":"https:\/\/vidanuevaz.mx\/?page_id=1727","title":{"rendered":"Declaraci\u00f3n de Fe y Doctrina"},"content":{"rendered":"\n<p>Un estudios de 15 lecciones de la Declaraci\u00f3n de Fe y Doctrina de la Iglesia B\u00edblica Vida Nueva de Zapopan, Jalisco, M\u00e9xico.<\/p>\n\n\n\n<figure class=\"wp-block-table\"><table><tbody><tr><td><a href=\"https:\/\/vidanuevaz.mx\/?page_id=3082\" class=\"rank-math-link\">Maestro (NVI)<\/a><\/td><td><a href=\"https:\/\/vidanuevaz.mx\/?page_id=3085\" class=\"rank-math-link\">Alumno (NVI)<\/a><\/td><td><a href=\"https:\/\/vidanuevaz.mx\/?page_id=3088\" class=\"rank-math-link\">Maestro (RV60)<\/a><\/td><td><a href=\"https:\/\/vidanuevaz.mx\/?page_id=3091\" class=\"rank-math-link\">Alumno (RV60)<\/a><\/td><td><a href=\"https:\/\/vidanuevaz.mx\/?page_id=1729\" class=\"rank-math-link\">Portada<\/a><\/td><\/tr><\/tbody><\/table><\/figure>\n\n\n\n<p><\/p>\n","protected":false},"excerpt":{"rendered":"<p>Un estudios de 15 lecciones de la Declaraci\u00f3n de Fe y Doctrina de la Iglesia B\u00edblica Vida Nueva de Zapopan, Jalisco, M\u00e9xico. Maestro (NVI) Alumno (NVI) Maestro (RV60) Alumno (RV60) Portada<\/p>\n","protected":false},"author":1,"featured_media":0,"parent":0,"menu_order":0,"comment_status":"closed","ping_status":"closed","template":"","meta":{"footnotes":""},"class_list":["post-1727","page","type-page","status-publish","hentry"],"_links":{"self":[{"href":"https:\/\/vidanuevaz.mx\/index.php?rest_route=\/wp\/v2\/pages\/1727","targetHints":{"allow":["GET"]}}],"collection":[{"href":"https:\/\/vidanuevaz.mx\/index.php?rest_route=\/wp\/v2\/pages"}],"about":[{"href":"https:\/\/vidanuevaz.mx\/index.php?rest_route=\/wp\/v2\/types\/page"}],"author":[{"embeddable":true,"href":"https:\/\/vidanuevaz.mx\/index.php?rest_route=\/wp\/v2\/users\/1"}],"replies":[{"embeddable":true,"href":"https:\/\/vidanuevaz.mx\/index.php?rest_route=%2Fwp%2Fv2%2Fcomments&post=1727"}],"version-history":[{"count":3,"href":"https:\/\/vidanuevaz.mx\/index.php?rest_route=\/wp\/v2\/pages\/1727\/revisions"}],"predecessor-version":[{"id":3099,"href":"https:\/\/vidanuevaz.mx\/index.php?rest_route=\/wp\/v2\/pages\/1727\/revisions\/3099"}],"wp:attachment":[{"href":"https:\/\/vidanuevaz.mx\/index.php?rest_route=%2Fwp%2Fv2%2Fmedia&parent=1727"}],"curies":[{"name":"wp","href":"https:\/\/api.w.org\/{rel}","templated":true}]}}