{"id":1440,"date":"2020-10-13T07:08:53","date_gmt":"2020-10-12T18:23:53","guid":{"rendered":"https:\/\/vidanuevaz.mx\/?page_id=1440"},"modified":"2020-10-13T07:23:19","modified_gmt":"2020-10-12T18:38:19","slug":"corrientes-peligrosas","status":"publish","type":"page","link":"https:\/\/vidanuevaz.mx\/?page_id=1440","title":{"rendered":"Corrientes Peligrosas"},"content":{"rendered":"\n<p>Un estudio de algunas corrientes en el cristianismo que nos son b\u00edblicas. Este estudio nos ense\u00f1a c\u00f3mo idenificarlas y evitarlas. <\/p>\n\n\n\n<figure class=\"wp-block-table\"><table><tbody><tr><td><a href=\"https:\/\/vidanuevaz.mx\/?page_id=1451\" class=\"rank-math-link\">Maestro (NVI)<\/a><\/td><td><a href=\"https:\/\/vidanuevaz.mx\/?page_id=1448\" class=\"rank-math-link\">Alumno (NVI)<\/a><\/td><td><a href=\"https:\/\/vidanuevaz.mx\/?page_id=1445\" class=\"rank-math-link\">Maestro (RV60)<\/a><\/td><td><a href=\"https:\/\/vidanuevaz.mx\/?page_id=1442\" class=\"rank-math-link\">Alumno (RV60)<\/a><\/td><\/tr><\/tbody><\/table><\/figure>\n\n\n\n<p><\/p>\n\n\n\n<p><\/p>\n","protected":false},"excerpt":{"rendered":"<p>Un estudio de algunas corrientes en el cristianismo que nos son b\u00edblicas. Este estudio nos ense\u00f1a c\u00f3mo idenificarlas y evitarlas. Maestro (NVI) Alumno (NVI) Maestro (RV60) Alumno (RV60)<\/p>\n","protected":false},"author":1,"featured_media":0,"parent":0,"menu_order":0,"comment_status":"closed","ping_status":"closed","template":"","meta":{"footnotes":""},"class_list":["post-1440","page","type-page","status-publish","hentry"],"_links":{"self":[{"href":"https:\/\/vidanuevaz.mx\/index.php?rest_route=\/wp\/v2\/pages\/1440","targetHints":{"allow":["GET"]}}],"collection":[{"href":"https:\/\/vidanuevaz.mx\/index.php?rest_route=\/wp\/v2\/pages"}],"about":[{"href":"https:\/\/vidanuevaz.mx\/index.php?rest_route=\/wp\/v2\/types\/page"}],"author":[{"embeddable":true,"href":"https:\/\/vidanuevaz.mx\/index.php?rest_route=\/wp\/v2\/users\/1"}],"replies":[{"embeddable":true,"href":"https:\/\/vidanuevaz.mx\/index.php?rest_route=%2Fwp%2Fv2%2Fcomments&post=1440"}],"version-history":[{"count":4,"href":"https:\/\/vidanuevaz.mx\/index.php?rest_route=\/wp\/v2\/pages\/1440\/revisions"}],"predecessor-version":[{"id":1465,"href":"https:\/\/vidanuevaz.mx\/index.php?rest_route=\/wp\/v2\/pages\/1440\/revisions\/1465"}],"wp:attachment":[{"href":"https:\/\/vidanuevaz.mx\/index.php?rest_route=%2Fwp%2Fv2%2Fmedia&parent=1440"}],"curies":[{"name":"wp","href":"https:\/\/api.w.org\/{rel}","templated":true}]}}